{"id":6404,"date":"2024-11-21T11:54:57","date_gmt":"2024-11-21T10:54:57","guid":{"rendered":"https:\/\/www.rigas.com.tn\/?page_id=6404"},"modified":"2025-07-12T15:50:11","modified_gmt":"2025-07-12T13:50:11","slug":"politique-dexpedition","status":"publish","type":"page","link":"https:\/\/www.rigas.com.tn\/en\/politique-dexpedition\/","title":{"rendered":"Politique d&#8217;exp\u00e9dition"},"content":{"rendered":"<h3>Politique d\u2019exp\u00e9dition<\/h3>\n<h4>D\u00e9lai de traitement des commandes<\/h4>\n<p>Toutes les commandes sont trait\u00e9es dans un d\u00e9lai de <strong>1 \u00e0 3 jours ouvr\u00e9s<\/strong> apr\u00e8s r\u00e9ception de votre paiement. Nous mettons tout en \u0153uvre pour exp\u00e9dier vos produits dans les meilleurs d\u00e9lais, cependant, des retards peuvent survenir en p\u00e9riode de forte demande ou pour des raisons exceptionnelles.<\/p>\n<h4>Options de livraison<\/h4>\n<p>Nous proposons plusieurs modes de livraison en fonction de votre adresse de livraison et du produit command\u00e9. Les options de livraison disponibles sont affich\u00e9es au moment de la validation de votre commande.<\/p>\n<p>Les frais de livraison sont calcul\u00e9s en fonction du poids, du volume et de la destination de votre commande. Ces frais seront clairement indiqu\u00e9s lors de la confirmation de votre panier.<\/p>\n<h4>P\u00e9rim\u00e8tre de livraison<\/h4>\n<p>Les livraisons sont faite exclusivement en <strong>Tunisie<\/strong>.<\/p>\n<h4>V\u00e9rification des informations d\u2019exp\u00e9dition<\/h4>\n<p>Il est important que les informations fournies lors de la commande (adresse de livraison, num\u00e9ro de t\u00e9l\u00e9phone, etc.) soient correctes et compl\u00e8tes. En cas d\u2019erreur dans l\u2019adresse fournie par le Client, ce dernier sera responsable des frais suppl\u00e9mentaires ou des retards qui pourraient en d\u00e9couler.<\/p>\n<h4>Retards ou probl\u00e8mes de livraison<\/h4>\n<p>Bien que nous fassions de notre mieux pour respecter les d\u00e9lais de livraison, RIGAS ne peut \u00eatre tenu responsable des retards ou probl\u00e8mes occasionn\u00e9s par le transporteur ou en raison de circonstances ind\u00e9pendantes de notre volont\u00e9 (conditions m\u00e9t\u00e9orologiques, gr\u00e8ves, etc.).<\/p>\n<p>Si vous constatez un retard de livraison, ou en cas de non-r\u00e9ception de votre colis dans le d\u00e9lai estim\u00e9, merci de contacter notre <strong>Service Client<\/strong> pour toute assistance suppl\u00e9mentaire.<\/p>\n<h4>R\u00e9ception du colis<\/h4>\n<p>\u00c0 la r\u00e9ception de votre colis, veuillez v\u00e9rifier imm\u00e9diatement son contenu. En cas de produit endommag\u00e9 ou de colis ouvert, nous vous invitons \u00e0 refuser la livraison et \u00e0 nous contacter dans les plus brefs d\u00e9lais. Le service client de RIGAS vous guidera alors dans la proc\u00e9dure \u00e0 suivre pour r\u00e9soudre le probl\u00e8me.<\/p>\n<h4>Frais de livraison<\/h4>\n<p>Les frais de livraison sont non remboursables, sauf en cas d&#8217;erreur de notre part ou de produit d\u00e9fectueux. Si une erreur se produit lors de l&#8217;exp\u00e9dition (par exemple, un produit incorrect ou endommag\u00e9), nous prendrons en charge les frais de retour et de r\u00e9exp\u00e9dition.<\/p>\n<p>&nbsp;<\/p>","protected":false},"excerpt":{"rendered":"<p>Politique d\u2019exp\u00e9dition D\u00e9lai de traitement des commandes Toutes les commandes sont trait\u00e9es dans un d\u00e9lai de 1 \u00e0 3 jours ouvr\u00e9s apr\u00e8s r\u00e9ception de votre paiement. Nous mettons tout en \u0153uvre pour exp\u00e9dier vos produits dans les meilleurs d\u00e9lais, cependant, des retards peuvent survenir en p\u00e9riode de forte demande ou pour des raisons exceptionnelles. Options [&hellip;]<\/p>","protected":false},"author":1,"featured_media":0,"parent":0,"menu_order":0,"comment_status":"closed","ping_status":"closed","template":"","meta":{"footnotes":""},"class_list":["post-6404","page","type-page","status-publish","hentry","cms-has-post-thumbnail"],"yoast_head":"<!-- This site is optimized with the Yoast SEO plugin v26.6 - https:\/\/yoast.com\/wordpress\/plugins\/seo\/ -->\n<title>Politique d&#039;exp\u00e9dition - RIGAS<\/title>\n<meta name=\"robots\" content=\"noindex, follow\" \/>\n<meta property=\"og:locale\" content=\"en_GB\" \/>\n<meta property=\"og:type\" content=\"article\" \/>\n<meta property=\"og:title\" content=\"Politique d&#039;exp\u00e9dition - RIGAS\" \/>\n<meta property=\"og:description\" content=\"Politique d\u2019exp\u00e9dition D\u00e9lai de traitement des commandes Toutes les commandes sont trait\u00e9es dans un d\u00e9lai de 1 \u00e0 3 jours ouvr\u00e9s apr\u00e8s r\u00e9ception de votre paiement. Nous mettons tout en \u0153uvre pour exp\u00e9dier vos produits dans les meilleurs d\u00e9lais, cependant, des retards peuvent survenir en p\u00e9riode de forte demande ou pour des raisons exceptionnelles. Options [&hellip;]\" \/>\n<meta property=\"og:url\" content=\"https:\/\/www.rigas.com.tn\/en\/politique-dexpedition\/\" \/>\n<meta property=\"og:site_name\" content=\"RIGAS\" \/>\n<meta property=\"article:modified_time\" content=\"2025-07-12T13:50:11+00:00\" \/>\n<meta name=\"twitter:card\" content=\"summary_large_image\" \/>\n<meta name=\"twitter:label1\" content=\"Estimated reading time\" \/>\n\t<meta name=\"twitter:data1\" content=\"2 minutes\" \/>\n<script type=\"application\/ld+json\" class=\"yoast-schema-graph\">{\"@context\":\"https:\/\/schema.org\",\"@graph\":[{\"@type\":\"WebPage\",\"@id\":\"https:\/\/www.rigas.com.tn\/politique-dexpedition\/\",\"url\":\"https:\/\/www.rigas.com.tn\/politique-dexpedition\/\",\"name\":\"Politique d'exp\u00e9dition - RIGAS\",\"isPartOf\":{\"@id\":\"https:\/\/www.rigas.com.tn\/#website\"},\"datePublished\":\"2024-11-21T10:54:57+00:00\",\"dateModified\":\"2025-07-12T13:50:11+00:00\",\"breadcrumb\":{\"@id\":\"https:\/\/www.rigas.com.tn\/politique-dexpedition\/#breadcrumb\"},\"inLanguage\":\"en-GB\",\"potentialAction\":[{\"@type\":\"ReadAction\",\"target\":[\"https:\/\/www.rigas.com.tn\/politique-dexpedition\/\"]}]},{\"@type\":\"BreadcrumbList\",\"@id\":\"https:\/\/www.rigas.com.tn\/politique-dexpedition\/#breadcrumb\",\"itemListElement\":[{\"@type\":\"ListItem\",\"position\":1,\"name\":\"Accueil\",\"item\":\"https:\/\/www.rigas.com.tn\/\"},{\"@type\":\"ListItem\",\"position\":2,\"name\":\"Politique d&#8217;exp\u00e9dition\"}]},{\"@type\":\"WebSite\",\"@id\":\"https:\/\/www.rigas.com.tn\/#website\",\"url\":\"https:\/\/www.rigas.com.tn\/\",\"name\":\"RIGAS\",\"description\":\"\",\"publisher\":{\"@id\":\"https:\/\/www.rigas.com.tn\/#organization\"},\"potentialAction\":[{\"@type\":\"SearchAction\",\"target\":{\"@type\":\"EntryPoint\",\"urlTemplate\":\"https:\/\/www.rigas.com.tn\/?s={search_term_string}\"},\"query-input\":{\"@type\":\"PropertyValueSpecification\",\"valueRequired\":true,\"valueName\":\"search_term_string\"}}],\"inLanguage\":\"en-GB\"},{\"@type\":\"Organization\",\"@id\":\"https:\/\/www.rigas.com.tn\/#organization\",\"name\":\"RIGAS\",\"url\":\"https:\/\/www.rigas.com.tn\/\",\"logo\":{\"@type\":\"ImageObject\",\"inLanguage\":\"en-GB\",\"@id\":\"https:\/\/www.rigas.com.tn\/#\/schema\/logo\/image\/\",\"url\":\"https:\/\/www.rigas.com.tn\/wp-content\/uploads\/2024\/11\/lOGO-bleu.png\",\"contentUrl\":\"https:\/\/www.rigas.com.tn\/wp-content\/uploads\/2024\/11\/lOGO-bleu.png\",\"width\":414,\"height\":98,\"caption\":\"RIGAS\"},\"image\":{\"@id\":\"https:\/\/www.rigas.com.tn\/#\/schema\/logo\/image\/\"}}]}<\/script>\n<!-- \/ Yoast SEO plugin. -->","yoast_head_json":{"title":"Politique d'exp\u00e9dition - RIGAS","robots":{"index":"noindex","follow":"follow"},"og_locale":"en_GB","og_type":"article","og_title":"Politique d'exp\u00e9dition - RIGAS","og_description":"Politique d\u2019exp\u00e9dition D\u00e9lai de traitement des commandes Toutes les commandes sont trait\u00e9es dans un d\u00e9lai de 1 \u00e0 3 jours ouvr\u00e9s apr\u00e8s r\u00e9ception de votre paiement. Nous mettons tout en \u0153uvre pour exp\u00e9dier vos produits dans les meilleurs d\u00e9lais, cependant, des retards peuvent survenir en p\u00e9riode de forte demande ou pour des raisons exceptionnelles. Options [&hellip;]","og_url":"https:\/\/www.rigas.com.tn\/en\/politique-dexpedition\/","og_site_name":"RIGAS","article_modified_time":"2025-07-12T13:50:11+00:00","twitter_card":"summary_large_image","twitter_misc":{"Estimated reading time":"2 minutes"},"schema":{"@context":"https:\/\/schema.org","@graph":[{"@type":"WebPage","@id":"https:\/\/www.rigas.com.tn\/politique-dexpedition\/","url":"https:\/\/www.rigas.com.tn\/politique-dexpedition\/","name":"Politique d'exp\u00e9dition - RIGAS","isPartOf":{"@id":"https:\/\/www.rigas.com.tn\/#website"},"datePublished":"2024-11-21T10:54:57+00:00","dateModified":"2025-07-12T13:50:11+00:00","breadcrumb":{"@id":"https:\/\/www.rigas.com.tn\/politique-dexpedition\/#breadcrumb"},"inLanguage":"en-GB","potentialAction":[{"@type":"ReadAction","target":["https:\/\/www.rigas.com.tn\/politique-dexpedition\/"]}]},{"@type":"BreadcrumbList","@id":"https:\/\/www.rigas.com.tn\/politique-dexpedition\/#breadcrumb","itemListElement":[{"@type":"ListItem","position":1,"name":"Accueil","item":"https:\/\/www.rigas.com.tn\/"},{"@type":"ListItem","position":2,"name":"Politique d&#8217;exp\u00e9dition"}]},{"@type":"WebSite","@id":"https:\/\/www.rigas.com.tn\/#website","url":"https:\/\/www.rigas.com.tn\/","name":"RIGAS","description":"","publisher":{"@id":"https:\/\/www.rigas.com.tn\/#organization"},"potentialAction":[{"@type":"SearchAction","target":{"@type":"EntryPoint","urlTemplate":"https:\/\/www.rigas.com.tn\/?s={search_term_string}"},"query-input":{"@type":"PropertyValueSpecification","valueRequired":true,"valueName":"search_term_string"}}],"inLanguage":"en-GB"},{"@type":"Organization","@id":"https:\/\/www.rigas.com.tn\/#organization","name":"RIGAS","url":"https:\/\/www.rigas.com.tn\/","logo":{"@type":"ImageObject","inLanguage":"en-GB","@id":"https:\/\/www.rigas.com.tn\/#\/schema\/logo\/image\/","url":"https:\/\/www.rigas.com.tn\/wp-content\/uploads\/2024\/11\/lOGO-bleu.png","contentUrl":"https:\/\/www.rigas.com.tn\/wp-content\/uploads\/2024\/11\/lOGO-bleu.png","width":414,"height":98,"caption":"RIGAS"},"image":{"@id":"https:\/\/www.rigas.com.tn\/#\/schema\/logo\/image\/"}}]}},"_links":{"self":[{"href":"https:\/\/www.rigas.com.tn\/en\/wp-json\/wp\/v2\/pages\/6404","targetHints":{"allow":["GET"]}}],"collection":[{"href":"https:\/\/www.rigas.com.tn\/en\/wp-json\/wp\/v2\/pages"}],"about":[{"href":"https:\/\/www.rigas.com.tn\/en\/wp-json\/wp\/v2\/types\/page"}],"author":[{"embeddable":true,"href":"https:\/\/www.rigas.com.tn\/en\/wp-json\/wp\/v2\/users\/1"}],"replies":[{"embeddable":true,"href":"https:\/\/www.rigas.com.tn\/en\/wp-json\/wp\/v2\/comments?post=6404"}],"version-history":[{"count":0,"href":"https:\/\/www.rigas.com.tn\/en\/wp-json\/wp\/v2\/pages\/6404\/revisions"}],"wp:attachment":[{"href":"https:\/\/www.rigas.com.tn\/en\/wp-json\/wp\/v2\/media?parent=6404"}],"curies":[{"name":"wp","href":"https:\/\/api.w.org\/{rel}","templated":true}]}}