{"id":52,"date":"2020-12-08T09:32:33","date_gmt":"2020-12-08T09:32:33","guid":{"rendered":"https:\/\/demo.cmssuperheroes.com\/themeforest\/solatec\/?page_id=52"},"modified":"2025-09-24T10:53:50","modified_gmt":"2025-09-24T08:53:50","slug":"contactez-nous","status":"publish","type":"page","link":"https:\/\/www.rigas.com.tn\/en\/contactez-nous\/","title":{"rendered":"Contactez-nous"},"content":{"rendered":"<div data-elementor-type=\"wp-page\" data-elementor-id=\"52\" class=\"elementor elementor-52\">\n\t\t\t\t\t\t\t        <section class=\"elementor-section elementor-top-section elementor-element elementor-element-164a6d1 elementor-section-full_width elementor-section-stretched p-0 elementor-section-height-default elementor-section-height-default cms-full-content-with-space-none cms-boxed-bg-false\" data-id=\"164a6d1\" data-element_type=\"section\" data-settings=\"{&quot;stretch_section&quot;:&quot;section-stretched&quot;}\">\n\t\t\n\t\t<div class=\"cms-section-boxed-bg\"><\/div>        <div class=\"elementor-container elementor-column-gap-no\" >\n\t\t        <div class=\"elementor-column elementor-col-100 elementor-top-column elementor-element elementor-element-fd1e332\" data-id=\"fd1e332\" data-element_type=\"column\">\n        <div class=\"elementor-widget-wrap\">\n                                <\/div>\n        <\/div>\n        \t\t        <\/div>\n        <\/section>\n\t\t        <section class=\"elementor-section elementor-top-section elementor-element elementor-element-2fc0640 elementor-section-boxed elementor-section-height-default elementor-section-height-default cms-boxed-bg-false\" data-id=\"2fc0640\" data-element_type=\"section\">\n\t\t\n\t\t<div class=\"cms-section-boxed-bg\"><\/div>        <div class=\"elementor-container elementor-column-gap-default\" >\n\t\t        <div class=\"elementor-column elementor-col-33 elementor-top-column elementor-element elementor-element-bff3f11\" data-id=\"bff3f11\" data-element_type=\"column\">\n        <div class=\"elementor-widget-wrap elementor-element-populated\">\n                        \t\t<div class=\"elementor-element elementor-element-81d4d7c cms-quick-contact-layout-10 elementor-widget elementor-widget-cms_quickcontact\" data-id=\"81d4d7c\" data-element_type=\"widget\" data-widget_type=\"cms_quickcontact.default\">\n\t\t\t\t<div class=\"elementor-widget-container\">\n\t\t\t<div class=\"cms-qc-wrap\">\n\t<div class=\"cms-qc-inner p-30 p-lg-60\">\n\t\t<div class=\"row justify-content-center text-body\">\n\t\t\t\t\t<div class=\"cms-qc-list col-12 text-\">\n\t\t\t\t<div class=\"row gutters-10 align-items-center\">\n\t\t\t\t\t<div class=\"col-auto empty-none\"><\/div>\n\t\t\t        <div class=\"col empty-none\">\n\t\t\t        \t<div>\n\t\t\t        \t\t<div class=\"cms-heading text-17 cms-contact-title empty-none\">Notre Adresse<\/div>\n\t\t\t        \t\tChotrana1, Ariana 2083<\/div>\n\t\t\t        \t<div><div class=\"cms-heading text-17 cms-contact-title empty-none\"><\/div> <\/div>\n\t\t\t        <\/div>\n\t\t\t    <\/div>\n\t\t    <\/div>      \n\t\t\t\t\t<div class=\"cms-qc-list col-12 text-\">\n\t\t\t\t<div class=\"row gutters-10 align-items-center\">\n\t\t\t\t\t<div class=\"col-auto empty-none\"><\/div>\n\t\t\t        <div class=\"col empty-none\">\n\t\t\t        \t<div>\n\t\t\t        \t\t<div class=\"cms-heading text-17 cms-contact-title empty-none\">\t\t        \t\t\t\t<a href=\"mailto:info@rigas.com.tn\">Contact<\/div>\n\t\t\t        \t\tEmail: info@rigas.com.tn<\/a><\/div>\n\t\t\t        \t<div><div class=\"cms-heading text-17 cms-contact-title empty-none\"><\/div> <\/div>\n\t\t\t        <\/div>\n\t\t\t    <\/div>\n\t\t    <\/div>      \n\t\t\t\t\t<div class=\"cms-qc-list col-12 text-\">\n\t\t\t\t<div class=\"row gutters-10 align-items-center\">\n\t\t\t\t\t<div class=\"col-auto empty-none\"><\/div>\n\t\t\t        <div class=\"col empty-none\">\n\t\t\t        \t<div>\n\t\t\t        \t\t<div class=\"cms-heading text-17 cms-contact-title empty-none\">Horaire d&#039;ouverture<\/div>\n\t\t\t        \t\tDe Lundi au Vendredi<\/div>\n\t\t\t        \t<div><div class=\"cms-heading text-17 cms-contact-title empty-none\"><\/div> 9:00 \u00e0 18:00<\/div>\n\t\t\t        <\/div>\n\t\t\t    <\/div>\n\t\t    <\/div>      \n\t\t\t\t<\/div>\n\t\t\t<\/div>\n<\/div>\t\t<\/div>\n\t\t\t\t<\/div>\n\t\t        <\/div>\n        <\/div>\n                <div class=\"elementor-column elementor-col-66 elementor-top-column elementor-element elementor-element-3dabe35 pl-xl-100\" data-id=\"3dabe35\" data-element_type=\"column\">\n        <div class=\"elementor-widget-wrap elementor-element-populated\">\n                        \t\t<div class=\"elementor-element elementor-element-a4c4ad8 cms-cf7-layout-1 elementor-widget elementor-widget-cms_ctf7\" data-id=\"a4c4ad8\" data-element_type=\"widget\" data-widget_type=\"cms_ctf7.default\">\n\t\t\t\t<div class=\"elementor-widget-container\">\n\t\t\t    <div id=\"cms_ctf7-a4c4ad8\" class=\"cms-cf7 overflow-hidden bg-white p-20 p-lg-30 p-xl-50 cms-radius-16 cms-shadow-3\">\r\n        <div class=\"cms-cf7-inner\">                <div class=\"cms-form-heading cms-heading text-24 font-500 mt-n12\">Formulaire de contact<\/div>\r\n                            <div class=\"cms-form-desc text-15 lh-26 pt-10\">Nous portons une attention particuli\u00e8re \u00e0 chaque d\u00e9tail dans toutes nos r\u00e9alisations, ce qui nous permettra d&#039;\u00eatre confiants que nos clients recevront des produits conformes \u00e0 leurs attentes<\/div>\r\n                        <div class=\"pt-20\">\n<div class=\"wpcf7 no-js\" id=\"wpcf7-f5-o1\" lang=\"en-US\" dir=\"ltr\" data-wpcf7-id=\"5\">\n<div class=\"screen-reader-response\"><p role=\"status\" aria-live=\"polite\" aria-atomic=\"true\"><\/p> <ul><\/ul><\/div>\n<form action=\"\/en\/wp-json\/wp\/v2\/pages\/52#wpcf7-f5-o1\" method=\"post\" class=\"wpcf7-form init\" aria-label=\"Contact form\" novalidate=\"novalidate\" data-status=\"init\" data-trp-original-action=\"\/en\/wp-json\/wp\/v2\/pages\/52#wpcf7-f5-o1\">\n<fieldset class=\"hidden-fields-container\"><input type=\"hidden\" name=\"_wpcf7\" value=\"5\" \/><input type=\"hidden\" name=\"_wpcf7_version\" value=\"6.1.4\" \/><input type=\"hidden\" name=\"_wpcf7_locale\" value=\"en_US\" \/><input type=\"hidden\" name=\"_wpcf7_unit_tag\" value=\"wpcf7-f5-o1\" \/><input type=\"hidden\" name=\"_wpcf7_container_post\" value=\"0\" \/><input type=\"hidden\" name=\"_wpcf7_posted_data_hash\" value=\"\" \/><input type=\"hidden\" name=\"_wpcf7_recaptcha_response\" value=\"\" \/>\n<\/fieldset>\n<p><label> Votre nom complet<br \/>\n<span class=\"wpcf7-form-control-wrap\" data-name=\"your-name\"><input size=\"40\" maxlength=\"400\" class=\"wpcf7-form-control wpcf7-text wpcf7-validates-as-required\" aria-required=\"true\" aria-invalid=\"false\" value=\"\" type=\"text\" name=\"your-name\" \/><\/span> <\/label>\n<\/p>\n<p><label> Votre e-mail<br \/>\n<span class=\"wpcf7-form-control-wrap\" data-name=\"your-email\"><input size=\"40\" maxlength=\"400\" class=\"wpcf7-form-control wpcf7-email wpcf7-validates-as-required wpcf7-text wpcf7-validates-as-email\" aria-required=\"true\" aria-invalid=\"false\" value=\"\" type=\"email\" name=\"your-email\" \/><\/span> <\/label>\n<\/p>\n<p><label> Sujet<br \/>\n<span class=\"wpcf7-form-control-wrap\" data-name=\"your-subject\"><input size=\"40\" maxlength=\"400\" class=\"wpcf7-form-control wpcf7-text wpcf7-validates-as-required\" aria-required=\"true\" aria-invalid=\"false\" value=\"\" type=\"text\" name=\"your-subject\" \/><\/span> <\/label>\n<\/p>\n<p><label> Votre message (optional)<br \/>\n<span class=\"wpcf7-form-control-wrap\" data-name=\"your-message\"><textarea cols=\"40\" rows=\"10\" maxlength=\"2000\" class=\"wpcf7-form-control wpcf7-textarea\" aria-invalid=\"false\" name=\"your-message\"><\/textarea><\/span> <\/label>\n<\/p>\n<p><button class=\"wpcf7-form-control wpcf7-submit\" type=\"submit\"><span class=\"cms-btn-content\"><span class=\"cms-btn-text\">Envoyer<\/span><\/span><\/button>\n<\/p><div class=\"wpcf7-response-output\" aria-hidden=\"true\"><\/div>\n<input type=\"hidden\" name=\"trp-form-language\" value=\"en\"\/><\/form>\n<\/div>\n<\/div>\r\n        <\/div>\r\n    <\/div>\r\n\t\t<\/div>\n\t\t\t\t<\/div>\n\t\t        <\/div>\n        <\/div>\n        \t\t        <\/div>\n        <\/section>\n\t\t\t\t\t\t\t<\/div>","protected":false},"excerpt":{"rendered":"<p>Notre Adresse Chotrana1, Ariana 2083 Contact Email: info@rigas.com.tn Horaire d&#8217;ouverture De Lundi au Vendredi 9:00 \u00e0 18:00 Formulaire de contact Nous portons une attention particuli\u00e8re \u00e0 chaque d\u00e9tail dans toutes nos r\u00e9alisations, ce qui nous permettra d&#8217;\u00eatre confiants que nos clients recevront des produits conformes \u00e0 leurs attentes Votre nom complet Votre e-mail Sujet Votre [&hellip;]<\/p>","protected":false},"author":1,"featured_media":0,"parent":0,"menu_order":17,"comment_status":"closed","ping_status":"closed","template":"","meta":{"footnotes":""},"class_list":["post-52","page","type-page","status-publish","hentry","cms-has-post-thumbnail"],"yoast_head":"<!-- This site is optimized with the Yoast SEO plugin v26.6 - https:\/\/yoast.com\/wordpress\/plugins\/seo\/ -->\n<title>Contactez-nous - RIGAS<\/title>\n<meta name=\"description\" content=\"Contactez-nous et recevez une r\u00e9ponse rapide. L\u2019\u00e9quipe RIGAS est \u00e0 votre \u00e9coute pour toute question sur l\u2019arrosage automatique programmable.\" \/>\n<meta name=\"robots\" content=\"index, follow, max-snippet:-1, max-image-preview:large, max-video-preview:-1\" \/>\n<link rel=\"canonical\" href=\"https:\/\/www.rigas.com.tn\/en\/contactez-nous\/\" \/>\n<meta property=\"og:locale\" content=\"en_GB\" \/>\n<meta property=\"og:type\" content=\"article\" \/>\n<meta property=\"og:title\" content=\"Contactez-nous - RIGAS\" \/>\n<meta property=\"og:description\" content=\"Contactez-nous et recevez une r\u00e9ponse rapide. L\u2019\u00e9quipe RIGAS est \u00e0 votre \u00e9coute pour toute question sur l\u2019arrosage automatique programmable.\" \/>\n<meta property=\"og:url\" content=\"https:\/\/www.rigas.com.tn\/en\/contactez-nous\/\" \/>\n<meta property=\"og:site_name\" content=\"RIGAS\" \/>\n<meta property=\"article:modified_time\" content=\"2025-09-24T08:53:50+00:00\" \/>\n<meta name=\"twitter:card\" content=\"summary_large_image\" \/>\n<meta name=\"twitter:label1\" content=\"Estimated reading time\" \/>\n\t<meta name=\"twitter:data1\" content=\"1 minute\" \/>\n<script type=\"application\/ld+json\" class=\"yoast-schema-graph\">{\"@context\":\"https:\/\/schema.org\",\"@graph\":[{\"@type\":\"WebPage\",\"@id\":\"https:\/\/www.rigas.com.tn\/contactez-nous\/\",\"url\":\"https:\/\/www.rigas.com.tn\/contactez-nous\/\",\"name\":\"Contactez-nous - RIGAS\",\"isPartOf\":{\"@id\":\"https:\/\/www.rigas.com.tn\/#website\"},\"datePublished\":\"2020-12-08T09:32:33+00:00\",\"dateModified\":\"2025-09-24T08:53:50+00:00\",\"description\":\"Contactez-nous et recevez une r\u00e9ponse rapide. L\u2019\u00e9quipe RIGAS est \u00e0 votre \u00e9coute pour toute question sur l\u2019arrosage automatique programmable.\",\"breadcrumb\":{\"@id\":\"https:\/\/www.rigas.com.tn\/contactez-nous\/#breadcrumb\"},\"inLanguage\":\"en-GB\",\"potentialAction\":[{\"@type\":\"ReadAction\",\"target\":[\"https:\/\/www.rigas.com.tn\/contactez-nous\/\"]}]},{\"@type\":\"BreadcrumbList\",\"@id\":\"https:\/\/www.rigas.com.tn\/contactez-nous\/#breadcrumb\",\"itemListElement\":[{\"@type\":\"ListItem\",\"position\":1,\"name\":\"Accueil\",\"item\":\"https:\/\/www.rigas.com.tn\/\"},{\"@type\":\"ListItem\",\"position\":2,\"name\":\"Contactez-nous\"}]},{\"@type\":\"WebSite\",\"@id\":\"https:\/\/www.rigas.com.tn\/#website\",\"url\":\"https:\/\/www.rigas.com.tn\/\",\"name\":\"RIGAS\",\"description\":\"\",\"publisher\":{\"@id\":\"https:\/\/www.rigas.com.tn\/#organization\"},\"potentialAction\":[{\"@type\":\"SearchAction\",\"target\":{\"@type\":\"EntryPoint\",\"urlTemplate\":\"https:\/\/www.rigas.com.tn\/?s={search_term_string}\"},\"query-input\":{\"@type\":\"PropertyValueSpecification\",\"valueRequired\":true,\"valueName\":\"search_term_string\"}}],\"inLanguage\":\"en-GB\"},{\"@type\":\"Organization\",\"@id\":\"https:\/\/www.rigas.com.tn\/#organization\",\"name\":\"RIGAS\",\"url\":\"https:\/\/www.rigas.com.tn\/\",\"logo\":{\"@type\":\"ImageObject\",\"inLanguage\":\"en-GB\",\"@id\":\"https:\/\/www.rigas.com.tn\/#\/schema\/logo\/image\/\",\"url\":\"https:\/\/www.rigas.com.tn\/wp-content\/uploads\/2024\/11\/lOGO-bleu.png\",\"contentUrl\":\"https:\/\/www.rigas.com.tn\/wp-content\/uploads\/2024\/11\/lOGO-bleu.png\",\"width\":414,\"height\":98,\"caption\":\"RIGAS\"},\"image\":{\"@id\":\"https:\/\/www.rigas.com.tn\/#\/schema\/logo\/image\/\"}}]}<\/script>\n<!-- \/ Yoast SEO plugin. -->","yoast_head_json":{"title":"Contactez-nous - RIGAS","description":"Contactez-nous et recevez une r\u00e9ponse rapide. L\u2019\u00e9quipe RIGAS est \u00e0 votre \u00e9coute pour toute question sur l\u2019arrosage automatique programmable.","robots":{"index":"index","follow":"follow","max-snippet":"max-snippet:-1","max-image-preview":"max-image-preview:large","max-video-preview":"max-video-preview:-1"},"canonical":"https:\/\/www.rigas.com.tn\/en\/contactez-nous\/","og_locale":"en_GB","og_type":"article","og_title":"Contactez-nous - RIGAS","og_description":"Contactez-nous et recevez une r\u00e9ponse rapide. L\u2019\u00e9quipe RIGAS est \u00e0 votre \u00e9coute pour toute question sur l\u2019arrosage automatique programmable.","og_url":"https:\/\/www.rigas.com.tn\/en\/contactez-nous\/","og_site_name":"RIGAS","article_modified_time":"2025-09-24T08:53:50+00:00","twitter_card":"summary_large_image","twitter_misc":{"Estimated reading time":"1 minute"},"schema":{"@context":"https:\/\/schema.org","@graph":[{"@type":"WebPage","@id":"https:\/\/www.rigas.com.tn\/contactez-nous\/","url":"https:\/\/www.rigas.com.tn\/contactez-nous\/","name":"Contactez-nous - RIGAS","isPartOf":{"@id":"https:\/\/www.rigas.com.tn\/#website"},"datePublished":"2020-12-08T09:32:33+00:00","dateModified":"2025-09-24T08:53:50+00:00","description":"Contactez-nous et recevez une r\u00e9ponse rapide. L\u2019\u00e9quipe RIGAS est \u00e0 votre \u00e9coute pour toute question sur l\u2019arrosage automatique programmable.","breadcrumb":{"@id":"https:\/\/www.rigas.com.tn\/contactez-nous\/#breadcrumb"},"inLanguage":"en-GB","potentialAction":[{"@type":"ReadAction","target":["https:\/\/www.rigas.com.tn\/contactez-nous\/"]}]},{"@type":"BreadcrumbList","@id":"https:\/\/www.rigas.com.tn\/contactez-nous\/#breadcrumb","itemListElement":[{"@type":"ListItem","position":1,"name":"Accueil","item":"https:\/\/www.rigas.com.tn\/"},{"@type":"ListItem","position":2,"name":"Contactez-nous"}]},{"@type":"WebSite","@id":"https:\/\/www.rigas.com.tn\/#website","url":"https:\/\/www.rigas.com.tn\/","name":"RIGAS","description":"","publisher":{"@id":"https:\/\/www.rigas.com.tn\/#organization"},"potentialAction":[{"@type":"SearchAction","target":{"@type":"EntryPoint","urlTemplate":"https:\/\/www.rigas.com.tn\/?s={search_term_string}"},"query-input":{"@type":"PropertyValueSpecification","valueRequired":true,"valueName":"search_term_string"}}],"inLanguage":"en-GB"},{"@type":"Organization","@id":"https:\/\/www.rigas.com.tn\/#organization","name":"RIGAS","url":"https:\/\/www.rigas.com.tn\/","logo":{"@type":"ImageObject","inLanguage":"en-GB","@id":"https:\/\/www.rigas.com.tn\/#\/schema\/logo\/image\/","url":"https:\/\/www.rigas.com.tn\/wp-content\/uploads\/2024\/11\/lOGO-bleu.png","contentUrl":"https:\/\/www.rigas.com.tn\/wp-content\/uploads\/2024\/11\/lOGO-bleu.png","width":414,"height":98,"caption":"RIGAS"},"image":{"@id":"https:\/\/www.rigas.com.tn\/#\/schema\/logo\/image\/"}}]}},"_links":{"self":[{"href":"https:\/\/www.rigas.com.tn\/en\/wp-json\/wp\/v2\/pages\/52","targetHints":{"allow":["GET"]}}],"collection":[{"href":"https:\/\/www.rigas.com.tn\/en\/wp-json\/wp\/v2\/pages"}],"about":[{"href":"https:\/\/www.rigas.com.tn\/en\/wp-json\/wp\/v2\/types\/page"}],"author":[{"embeddable":true,"href":"https:\/\/www.rigas.com.tn\/en\/wp-json\/wp\/v2\/users\/1"}],"replies":[{"embeddable":true,"href":"https:\/\/www.rigas.com.tn\/en\/wp-json\/wp\/v2\/comments?post=52"}],"version-history":[{"count":0,"href":"https:\/\/www.rigas.com.tn\/en\/wp-json\/wp\/v2\/pages\/52\/revisions"}],"wp:attachment":[{"href":"https:\/\/www.rigas.com.tn\/en\/wp-json\/wp\/v2\/media?parent=52"}],"curies":[{"name":"wp","href":"https:\/\/api.w.org\/{rel}","templated":true}]}}